{"id":5945,"date":"2024-12-31T15:45:42","date_gmt":"2024-12-31T14:45:42","guid":{"rendered":"https:\/\/crcm-marseille.fr\/our-technology-platforms\/proteomics-and-mass-spectrometry-platform\/"},"modified":"2025-11-18T10:33:43","modified_gmt":"2025-11-18T09:33:43","slug":"map-proteomic","status":"publish","type":"page","link":"https:\/\/crcm-marseille.fr\/en\/our-technology-platforms\/map-proteomic\/","title":{"rendered":"MAP (Proteomic)"},"content":{"rendered":"\n<figure class=\"wp-block-image\"><a href=\"https:\/\/crcm-marseille.fr\/en\/\"><img decoding=\"async\" src=\"https:\/\/crcm-marseille.fr\/wp-content\/uploads\/2024\/10\/logo-centre-de-recherche-en-cancerologie-de-marseille-crcm.webp#847\" alt=\"logo-crcm\"\/><\/a><\/figure>\n\n\n\n<ul id=\"menu-main-menu\" class=\"wp-block-list\">\n<li><a href=\"https:\/\/crcm-marseille.fr\/en\/\">Home<\/a><\/li>\n\n\n\n<li><a>Our center<\/a><\/li>\n\n\n\n<li><a>Our research<\/a><\/li>\n\n\n\n<li><a>For students<\/a><\/li>\n\n\n\n<li><a>For scientists<\/a><\/li>\n\n\n\n<li><a href=\"https:\/\/crcm-marseille.fr\/our-research-teams\/\">The research teams<\/a><\/li>\n\n\n\n<li><a href=\"https:\/\/crcm-marseille.fr\/en\/our-technology-platforms\/proteomics-and-mass-spectrometry-platform\/#\"><\/a><\/li>\n<\/ul>\n\n\n\n<figure class=\"wp-block-image\"><img decoding=\"async\" src=\"https:\/\/crcm-marseille.fr\/wp-content\/plugins\/sitepress-multilingual-cms\/res\/flags\/en.svg\" alt=\"English\"\/><\/figure>\n\n\n\n<h1 class=\"wp-block-heading\">MAP (Proteomic)<\/h1>\n\n\n\n<p>Paoli Calmettes Institute<\/p>\n\n\n\n<figure class=\"wp-block-image\"><a class=\"\" href=\"https:\/\/bsky.app\/profile\/map-proteomique.bsky.social\" target=\"_blank\" rel=\"noreferrer noopener\"><img decoding=\"async\" src=\"https:\/\/crcm-marseille.fr\/wp-content\/uploads\/2025\/01\/logo-bluesky-crcm.png\" alt=\"\"\/><\/a><\/figure>\n\n\n\n<figure class=\"wp-block-image\"><a class=\" mfn-coverimg-wrapper\" href=\"https:\/\/crcm-marseille.fr\/team\/stephane-audebert\/\"><img decoding=\"async\" src=\"https:\/\/crcm-marseille.fr\/wp-content\/uploads\/2024\/12\/Stephane-Audebert_crcm.jpg\" alt=\"\"\/><\/a><\/figure>\n\n\n\n<p><a href=\"https:\/\/crcm-marseille.fr\/team\/stephane-audebert\/\">St\u00e9phane Audebert<\/a><\/p>\n\n\n\n<p>Platform manager<\/p>\n\n\n\n<figure class=\"wp-block-image\"><a class=\" mfn-coverimg-wrapper\" href=\"https:\/\/crcm-marseille.fr\/team\/jean-paul-borg\/\"><img decoding=\"async\" src=\"https:\/\/crcm-marseille.fr\/wp-content\/uploads\/2024\/12\/Luc-Camoin_crcm.jpg\" alt=\"\"\/><\/a><\/figure>\n\n\n\n<p><a href=\"https:\/\/crcm-marseille.fr\/team\/luc-camoin\/\">Luc Camoin<\/a><\/p>\n\n\n\n<p>Platform manager<\/p>\n\n\n\n<p><a href=\"https:\/\/crcm-marseille.fr\/?post_type=sptp_member&#038;p=2479\"><\/a><\/p>\n\n\n\n<figure class=\"wp-block-image\"><a class=\"sptp-member-avatar \" href=\"https:\/\/crcm-marseille.fr\/en\/team\/patrick-fourquet\/\"><img decoding=\"async\" src=\"https:\/\/crcm-marseille.fr\/wp-content\/uploads\/2024\/12\/patrick-fourquet_crcm.jpg\" alt=\"Patrick Fourquet\"\/><\/a><\/figure>\n\n\n\n<h2 class=\"wp-block-heading\">Patrick Fourquet<\/h2>\n\n\n\n<h4 class=\"wp-block-heading\">Ing\u00e9nieur<\/h4>\n\n\n\n<p><a href=\"https:\/\/crcm-marseille.fr\/team\/samuel-granjeaud\/\"><\/a><\/p>\n\n\n\n<figure class=\"wp-block-image\"><a class=\"sptp-member-avatar \" href=\"https:\/\/crcm-marseille.fr\/en\/team\/samuel-granjeaud\/\"><img decoding=\"async\" src=\"https:\/\/crcm-marseille.fr\/wp-content\/uploads\/2024\/12\/samuel-granjeaud_crcm.jpg\" alt=\"Samuel Granjeaud\"\/><\/a><\/figure>\n\n\n\n<h2 class=\"wp-block-heading\">Samuel Granjeaud<\/h2>\n\n\n\n<h4 class=\"wp-block-heading\">Ing\u00e9nieur<\/h4>\n\n\n\n<p><a href=\"https:\/\/crcm-marseille.fr\/team\/yves-toiron\/\"><\/a><\/p>\n\n\n\n<figure class=\"wp-block-image\"><a class=\"sptp-member-avatar \" href=\"https:\/\/crcm-marseille.fr\/en\/team\/yves-toiron\/\"><img decoding=\"async\" src=\"https:\/\/crcm-marseille.fr\/wp-content\/uploads\/2024\/12\/Yves-Toiron-crcm.jpg\" alt=\"Yves Toiron\"\/><\/a><\/figure>\n\n\n\n<h2 class=\"wp-block-heading\">Yves Toiron<\/h2>\n\n\n\n<h4 class=\"wp-block-heading\">Technicien<\/h4>\n\n\n\n<p><a href=\"https:\/\/crcm-marseille.fr\/team\/celia-jardin\/\"><\/a><\/p>\n\n\n\n<figure class=\"wp-block-image\"><a class=\"sptp-member-avatar \" href=\"https:\/\/crcm-marseille.fr\/en\/team\/celia-jardin\/\"><img decoding=\"async\" src=\"https:\/\/crcm-marseille.fr\/wp-content\/uploads\/2024\/12\/celia-jardin_crcm.jpeg\" alt=\"Celia Jardin\"\/><\/a><\/figure>\n\n\n\n<h2 class=\"wp-block-heading\">Celia Jardin<\/h2>\n\n\n\n<h4 class=\"wp-block-heading\">Ing\u00e9nieure<\/h4>\n\n\n\n<p><a href=\"https:\/\/crcm-marseille.fr\/team\/emilie-baudelet\/\"><\/a><\/p>\n\n\n\n<figure class=\"wp-block-image\"><a class=\"sptp-member-avatar \" href=\"https:\/\/crcm-marseille.fr\/en\/team\/emilie-baudelet\/\"><img decoding=\"async\" src=\"https:\/\/crcm-marseille.fr\/wp-content\/uploads\/2024\/12\/Emile-Baudelet_crcm.jpg\" alt=\"\u00c9milie Baudelet\"\/><\/a><\/figure>\n\n\n\n<h2 class=\"wp-block-heading\">\u00c9milie Baudelet<\/h2>\n\n\n\n<h4 class=\"wp-block-heading\">Ing\u00e9nieure<\/h4>\n\n\n\n<p><a href=\"https:\/\/crcm-marseille.fr\/?post_type=sptp_member&#038;p=2479\"><\/a><\/p>\n\n\n\n<figure class=\"wp-block-image\"><a class=\"sptp-member-avatar \" href=\"https:\/\/crcm-marseille.fr\/en\/team\/patrick-fourquet\/\"><img decoding=\"async\" src=\"https:\/\/crcm-marseille.fr\/wp-content\/uploads\/2024\/12\/patrick-fourquet_crcm.jpg\" alt=\"Patrick Fourquet\"\/><\/a><\/figure>\n\n\n\n<h2 class=\"wp-block-heading\">Patrick Fourquet<\/h2>\n\n\n\n<h4 class=\"wp-block-heading\">Ing\u00e9nieur<\/h4>\n\n\n\n<p><a href=\"https:\/\/crcm-marseille.fr\/team\/samuel-granjeaud\/\"><\/a><\/p>\n\n\n\n<figure class=\"wp-block-image\"><a class=\"sptp-member-avatar \" href=\"https:\/\/crcm-marseille.fr\/en\/team\/samuel-granjeaud\/\"><img decoding=\"async\" src=\"https:\/\/crcm-marseille.fr\/wp-content\/uploads\/2024\/12\/samuel-granjeaud_crcm.jpg\" alt=\"Samuel Granjeaud\"\/><\/a><\/figure>\n\n\n\n<h2 class=\"wp-block-heading\">Samuel Granjeaud<\/h2>\n\n\n\n<h4 class=\"wp-block-heading\">Ing\u00e9nieur<\/h4>\n\n\n\n<p><a href=\"https:\/\/crcm-marseille.fr\/team\/yves-toiron\/\"><\/a><\/p>\n\n\n\n<figure class=\"wp-block-image\"><a class=\"sptp-member-avatar \" href=\"https:\/\/crcm-marseille.fr\/en\/team\/yves-toiron\/\"><img decoding=\"async\" src=\"https:\/\/crcm-marseille.fr\/wp-content\/uploads\/2024\/12\/Yves-Toiron-crcm.jpg\" alt=\"Yves Toiron\"\/><\/a><\/figure>\n\n\n\n<h2 class=\"wp-block-heading\">Yves Toiron<\/h2>\n\n\n\n<h4 class=\"wp-block-heading\">Technicien<\/h4>\n\n\n\n<p><a href=\"https:\/\/crcm-marseille.fr\/team\/celia-jardin\/\"><\/a><\/p>\n\n\n\n<figure class=\"wp-block-image\"><a class=\"sptp-member-avatar \" href=\"https:\/\/crcm-marseille.fr\/en\/team\/celia-jardin\/\"><img decoding=\"async\" src=\"https:\/\/crcm-marseille.fr\/wp-content\/uploads\/2024\/12\/celia-jardin_crcm.jpeg\" alt=\"Celia Jardin\"\/><\/a><\/figure>\n\n\n\n<h2 class=\"wp-block-heading\">Celia Jardin<\/h2>\n\n\n\n<h4 class=\"wp-block-heading\">Ing\u00e9nieure<\/h4>\n\n\n\n<p><a href=\"https:\/\/crcm-marseille.fr\/team\/emilie-baudelet\/\"><\/a><\/p>\n\n\n\n<figure class=\"wp-block-image\"><a class=\"sptp-member-avatar \" href=\"https:\/\/crcm-marseille.fr\/en\/team\/emilie-baudelet\/\"><img decoding=\"async\" src=\"https:\/\/crcm-marseille.fr\/wp-content\/uploads\/2024\/12\/Emile-Baudelet_crcm.jpg\" alt=\"\u00c9milie Baudelet\"\/><\/a><\/figure>\n\n\n\n<h2 class=\"wp-block-heading\">\u00c9milie Baudelet<\/h2>\n\n\n\n<h4 class=\"wp-block-heading\">Ing\u00e9nieure<\/h4>\n\n\n\n<p><a href=\"https:\/\/crcm-marseille.fr\/?post_type=sptp_member&#038;p=2479\"><\/a><\/p>\n\n\n\n<figure class=\"wp-block-image\"><a class=\"sptp-member-avatar \" href=\"https:\/\/crcm-marseille.fr\/en\/team\/patrick-fourquet\/\"><img decoding=\"async\" src=\"https:\/\/crcm-marseille.fr\/wp-content\/uploads\/2024\/12\/patrick-fourquet_crcm.jpg\" alt=\"Patrick Fourquet\"\/><\/a><\/figure>\n\n\n\n<h2 class=\"wp-block-heading\">Patrick Fourquet<\/h2>\n\n\n\n<h4 class=\"wp-block-heading\">Ing\u00e9nieur<\/h4>\n\n\n\n<p>Proteomic approaches&nbsp;enable the analysis (structural and functional) of large-scale protein samples, for both medical (diagnosis, prognosis, etc.) and fundamental research purposes.<\/p>\n\n\n\n<p>Since its creation in 2002, the CRCM platform has constantly developed its areas of expertise in response to the rapid growth in technologies and methodological approaches observed in the proteomics community in recent years. Today, the CRCM&#8217;s Proteomics and Mass Spectrometry Platform&nbsp;<strong>is part of Marseille&nbsp;<a href=\"http:\/\/marseille-proteomique.univ-amu.fr\/\">Prot\u00e9omique (MaP<\/a>), a network of proteomics platforms in the Greater Marseille area, launched in 2008 and awarded the&nbsp;<a href=\"https:\/\/www.ibisa.net\/\">IBiSA<\/a>&nbsp;label, followed by the&nbsp;<a href=\"http:\/\/plateformesam.mmsh.univ-aix.fr\/\">Plateforme Technologique Aix-Marseille<\/a>&nbsp;in&nbsp;2013.<\/strong>&nbsp;MaP offers public research laboratories and private companies a wide range of complementary techniques for protein identification, characterization and quantification, as well as bioinformatics services. MaP offers its expertise through partnerships (ANR, ITMO, H2020, etc.), collaborations and services. MaP is involved in proteomics projects at local, national and international levels.<\/p>\n\n\n\n<p>The expertise of the CRCM platform covers a wide range of proteomics fields,&nbsp;<strong>from the description of proteomes to the relative quantification of proteins in complex mixtures.<\/strong>&nbsp;The quantitative methods developed are particularly well suited to biomarker research in oncology and immunology (clinical proteomics). The platform also has extensive experience in identifying and characterizing new protein complexes (Interactomics) using biochemical approaches combined with mass spectrometry (AP-MS). The CRCM platform is equipped with three Orbitrap mass spectrometers (LTQ-Velos, Q-Exactive Plus, Fusion Lumos Tribrid) coupled to nanochromatography systems, as well as a MALDI-TOF-TOF mass spectrometer (Ultraflex III). Absolute quantification by targeted proteomics (PRM) and chemoproteomics can also be performed.<\/p>\n\n\n\n<h2 class=\"wp-block-heading\">Labels, Funding and Partners<\/h2>\n\n\n\n<figure class=\"wp-block-image\"><a class=\"\" href=\"https:\/\/www.ibisa.net\/\" target=\"_blank\" rel=\"noreferrer noopener\"><img decoding=\"async\" src=\"https:\/\/crcm-marseille.fr\/wp-content\/uploads\/2025\/01\/IBISA.jpg\" alt=\"\"\/><\/a><\/figure>\n\n\n\n<figure class=\"wp-block-image\"><a class=\"\" href=\"https:\/\/plateformes.univ-amu.fr\/fr\" target=\"_blank\" rel=\"noreferrer noopener\"><img decoding=\"async\" src=\"https:\/\/crcm-marseille.fr\/wp-content\/uploads\/2025\/01\/Plateforme-technologique-Marseille-1.jpg\" alt=\"\"\/><\/a><\/figure>\n\n\n\n<figure class=\"wp-block-image\"><img decoding=\"async\" src=\"https:\/\/crcm-marseille.fr\/wp-content\/uploads\/2025\/01\/ISO.jpg\" alt=\"\"\/><\/figure>\n\n\n\n<p><a href=\"https:\/\/intra-crcm.marseille.inserm.fr\/\" target=\"_blank\" rel=\"noreferrer noopener\">Intranet connection<\/a><br><a href=\"https:\/\/crcm-marseille.fr\/annuaire\/\">Directory<\/a><br><a href=\"https:\/\/www.institutpaolicalmettes.fr\/\" target=\"_blank\" rel=\"noreferrer noopener\">IPC collaboration<\/a><br><a href=\"https:\/\/crcm-marseille.fr\/actualites\/\">News<\/a><br><a href=\"https:\/\/crcm-marseille.fr\/evenements\/\">Events<\/a><br><a href=\"https:\/\/crcm-marseille.fr\/en\/our-center\/partnerships-and-innovation\/\">Partnerships &amp; Innovation<\/a><br><a href=\"https:\/\/crcm-marseille.fr\/en\/terms-of-use\/\">Terms &amp; Conditions<\/a><br><a href=\"https:\/\/crcm-marseille.fr\/politique-de-confidentialite\/\">Privacy policy<\/a><\/p>\n\n\n\n<h3 class=\"wp-block-heading\">Marseille Cancer Research Center<\/h3>\n\n\n\n<p>27 Bd Le\u00ef Roure, CS 30059<br>13273 Marseille Cedex 09<\/p>\n\n\n\n<p>Tel: 04 86 97 72 00<\/p>\n\n\n\n<p><a href=\"https:\/\/crcm-marseille.fr\/en\/contact\/\">Contact us<br>How to get here<\/a><\/p>\n\n\n\n<p>Follow us<\/p>\n\n\n\n<ul class=\"wp-block-list\">\n<li><a href=\"https:\/\/www.youtube.com\/@CRCM-marseille\" target=\"_blank\" rel=\"noreferrer noopener\">YouTube<\/a><\/li>\n\n\n\n<li><a href=\"https:\/\/www.linkedin.com\/company\/crcm-marseille\/\" target=\"_blank\" rel=\"noreferrer noopener\">LinkedIn<\/a><\/li>\n\n\n\n<li><a href=\"https:\/\/bsky.app\/profile\/crcm.bsky.social\" target=\"_blank\" rel=\"noreferrer noopener\">Bluesky<\/a><\/li>\n<\/ul>\n\n\n\n<p><a href=\"https:\/\/crcm-marseille.fr\/en\/our-technology-platforms\/proteomics-and-mass-spectrometry-platform\/\"><\/a><\/p>\n\n\n\n<p>www.crcm-marseille.fr \u00a92024 | Tous droits r\u00e9serv\u00e9s &#8211; R\u00e9alis\u00e9 par&nbsp;<a href=\"https:\/\/yesss-communication.fr\/\" target=\"_blank\" rel=\"noreferrer noopener\">Yesss Communication<\/a>&nbsp;&amp;&nbsp;<a href=\"https:\/\/www.bioself-communication.com\/\" target=\"_blank\" rel=\"noreferrer noopener\">Bioself<\/a><\/p>\n\n\n\n<ul class=\"wp-block-list\">\n<li><\/li>\n<\/ul>\n\n\n\n<p><a href=\"https:\/\/crcm-marseille.fr\/en\/our-technology-platforms\/proteomics-and-mass-spectrometry-platform\/#\"><\/a><\/p>\n\n\n\n<figure class=\"wp-block-image\"><img decoding=\"async\" src=\"https:\/\/crcm-marseille.fr\/wp-content\/plugins\/sitepress-multilingual-cms\/res\/flags\/en.svg\" alt=\"English\"\/><\/figure>\n\n\n\n<p><a href=\"https:\/\/crcm-marseille.fr\/en\/our-technology-platforms\/proteomics-and-mass-spectrometry-platform\/#\"><\/a><\/p>\n\n\n\n<p><\/p>\n","protected":false},"excerpt":{"rendered":"<p>MAP (Proteomic) Paoli Calmettes Institute St\u00e9phane Audebert Platform manager Luc Camoin Platform manager Patrick<span class=\"excerpt-hellip\"> [\u2026]<\/span><\/p>\n","protected":false},"author":1,"featured_media":0,"parent":5925,"menu_order":0,"comment_status":"closed","ping_status":"closed","template":"","meta":{"_tec_requires_first_save":true,"_EventAllDay":false,"_EventTimezone":"","_EventStartDate":"","_EventEndDate":"","_EventStartDateUTC":"","_EventEndDateUTC":"","_EventShowMap":false,"_EventShowMapLink":false,"_EventURL":"","_EventCost":"","_EventCostDescription":"","_EventCurrencySymbol":"","_EventCurrencyCode":"","_EventCurrencyPosition":"","_EventDateTimeSeparator":"","_EventTimeRangeSeparator":"","_EventOrganizerID":[],"_EventVenueID":[],"_OrganizerEmail":"","_OrganizerPhone":"","_OrganizerWebsite":"","_VenueAddress":"","_VenueCity":"","_VenueCountry":"","_VenueProvince":"","_VenueState":"","_VenueZip":"","_VenuePhone":"","_VenueURL":"","_VenueStateProvince":"","_VenueLat":"","_VenueLng":"","_VenueShowMap":false,"_VenueShowMapLink":false,"_tribe_blocks_recurrence_rules":"","_tribe_blocks_recurrence_description":"","_tribe_blocks_recurrence_exclusions":"","footnotes":""},"class_list":["post-5945","page","type-page","status-publish","hentry"],"yoast_head":"<!-- This site is optimized with the Yoast SEO plugin v26.9 - https:\/\/yoast.com\/product\/yoast-seo-wordpress\/ -->\n<title>MAP (Proteomic) | CRCM<\/title>\n<meta name=\"description\" content=\"MAP (Proteomic) Platform Platform - CRCM Platform - Platform manager: Jean-Paul Borg...\" \/>\n<meta name=\"robots\" content=\"index, follow, max-snippet:-1, max-image-preview:large, max-video-preview:-1\" \/>\n<link rel=\"canonical\" href=\"https:\/\/crcm-marseille.fr\/en\/our-technology-platforms\/map-proteomic\/\" \/>\n<meta property=\"og:locale\" content=\"en_US\" \/>\n<meta property=\"og:type\" content=\"article\" \/>\n<meta property=\"og:title\" content=\"MAP (Proteomic) | CRCM\" \/>\n<meta property=\"og:description\" content=\"MAP (Proteomic) Platform Platform - CRCM Platform - Platform manager: Jean-Paul Borg...\" \/>\n<meta property=\"og:url\" content=\"https:\/\/crcm-marseille.fr\/en\/our-technology-platforms\/map-proteomic\/\" \/>\n<meta property=\"og:site_name\" content=\"CRCM\" \/>\n<meta property=\"article:modified_time\" content=\"2025-11-18T09:33:43+00:00\" \/>\n<meta property=\"og:image\" content=\"https:\/\/crcm-marseille.fr\/wp-content\/uploads\/2024\/10\/logo-centre-de-recherche-en-cancerologie-de-marseille-crcm.webp#847\" \/>\n<meta name=\"twitter:card\" content=\"summary_large_image\" \/>\n<meta name=\"twitter:label1\" content=\"Est. reading time\" \/>\n\t<meta name=\"twitter:data1\" content=\"6 minutes\" \/>\n<script type=\"application\/ld+json\" class=\"yoast-schema-graph\">{\"@context\":\"https:\/\/schema.org\",\"@graph\":[{\"@type\":\"WebPage\",\"@id\":\"https:\/\/crcm-marseille.fr\/en\/our-technology-platforms\/map-proteomic\/\",\"url\":\"https:\/\/crcm-marseille.fr\/en\/our-technology-platforms\/map-proteomic\/\",\"name\":\"MAP (Proteomic) | CRCM\",\"isPartOf\":{\"@id\":\"https:\/\/crcm-marseille.fr\/en\/#website\"},\"primaryImageOfPage\":{\"@id\":\"https:\/\/crcm-marseille.fr\/en\/our-technology-platforms\/map-proteomic\/#primaryimage\"},\"image\":{\"@id\":\"https:\/\/crcm-marseille.fr\/en\/our-technology-platforms\/map-proteomic\/#primaryimage\"},\"thumbnailUrl\":\"https:\/\/crcm-marseille.fr\/wp-content\/uploads\/2024\/10\/logo-centre-de-recherche-en-cancerologie-de-marseille-crcm.webp#847\",\"datePublished\":\"2024-12-31T14:45:42+00:00\",\"dateModified\":\"2025-11-18T09:33:43+00:00\",\"description\":\"MAP (Proteomic) Platform Platform - CRCM Platform - Platform manager: Jean-Paul Borg...\",\"breadcrumb\":{\"@id\":\"https:\/\/crcm-marseille.fr\/en\/our-technology-platforms\/map-proteomic\/#breadcrumb\"},\"inLanguage\":\"en-US\",\"potentialAction\":[{\"@type\":\"ReadAction\",\"target\":[\"https:\/\/crcm-marseille.fr\/en\/our-technology-platforms\/map-proteomic\/\"]}]},{\"@type\":\"ImageObject\",\"inLanguage\":\"en-US\",\"@id\":\"https:\/\/crcm-marseille.fr\/en\/our-technology-platforms\/map-proteomic\/#primaryimage\",\"url\":\"https:\/\/crcm-marseille.fr\/wp-content\/uploads\/2024\/10\/logo-centre-de-recherche-en-cancerologie-de-marseille-crcm.webp#847\",\"contentUrl\":\"https:\/\/crcm-marseille.fr\/wp-content\/uploads\/2024\/10\/logo-centre-de-recherche-en-cancerologie-de-marseille-crcm.webp#847\"},{\"@type\":\"BreadcrumbList\",\"@id\":\"https:\/\/crcm-marseille.fr\/en\/our-technology-platforms\/map-proteomic\/#breadcrumb\",\"itemListElement\":[{\"@type\":\"ListItem\",\"position\":1,\"name\":\"Accueil\",\"item\":\"https:\/\/crcm-marseille.fr\/en\/\"},{\"@type\":\"ListItem\",\"position\":2,\"name\":\"Our technology platforms\",\"item\":\"https:\/\/crcm-marseille.fr\/en\/our-technology-platforms\/\"},{\"@type\":\"ListItem\",\"position\":3,\"name\":\"MAP (Proteomic)\"}]},{\"@type\":\"WebSite\",\"@id\":\"https:\/\/crcm-marseille.fr\/en\/#website\",\"url\":\"https:\/\/crcm-marseille.fr\/en\/\",\"name\":\"CRCM\",\"description\":\"Marseille Cancer Research Center\",\"publisher\":{\"@id\":\"https:\/\/crcm-marseille.fr\/en\/#organization\"},\"alternateName\":\"Centre de recherche en canc\u00e9rologie de Marseille\",\"potentialAction\":[{\"@type\":\"SearchAction\",\"target\":{\"@type\":\"EntryPoint\",\"urlTemplate\":\"https:\/\/crcm-marseille.fr\/en\/?s={search_term_string}\"},\"query-input\":{\"@type\":\"PropertyValueSpecification\",\"valueRequired\":true,\"valueName\":\"search_term_string\"}}],\"inLanguage\":\"en-US\"},{\"@type\":\"Organization\",\"@id\":\"https:\/\/crcm-marseille.fr\/en\/#organization\",\"name\":\"CRCM\",\"alternateName\":\"Centre de Recherche en Canc\u00e9rologie de Marseille\",\"url\":\"https:\/\/crcm-marseille.fr\/en\/\",\"logo\":{\"@type\":\"ImageObject\",\"inLanguage\":\"en-US\",\"@id\":\"https:\/\/crcm-marseille.fr\/en\/#\/schema\/logo\/image\/\",\"url\":\"https:\/\/crcm-marseille.fr\/wp-content\/uploads\/2024\/10\/logo-crcm.png\",\"contentUrl\":\"https:\/\/crcm-marseille.fr\/wp-content\/uploads\/2024\/10\/logo-crcm.png\",\"width\":11811,\"height\":7171,\"caption\":\"CRCM\"},\"image\":{\"@id\":\"https:\/\/crcm-marseille.fr\/en\/#\/schema\/logo\/image\/\"},\"sameAs\":[\"https:\/\/www.youtube.com\/@CRCM-marseille\",\"https:\/\/www.linkedin.com\/company\/crcm-marseille\/\",\"https:\/\/bsky.app\/profile\/crcm.bsky.social\"]}]}<\/script>\n<!-- \/ Yoast SEO plugin. -->","yoast_head_json":{"title":"MAP (Proteomic) | CRCM","description":"MAP (Proteomic) Platform Platform - CRCM Platform - Platform manager: Jean-Paul Borg...","robots":{"index":"index","follow":"follow","max-snippet":"max-snippet:-1","max-image-preview":"max-image-preview:large","max-video-preview":"max-video-preview:-1"},"canonical":"https:\/\/crcm-marseille.fr\/en\/our-technology-platforms\/map-proteomic\/","og_locale":"en_US","og_type":"article","og_title":"MAP (Proteomic) | CRCM","og_description":"MAP (Proteomic) Platform Platform - CRCM Platform - Platform manager: Jean-Paul Borg...","og_url":"https:\/\/crcm-marseille.fr\/en\/our-technology-platforms\/map-proteomic\/","og_site_name":"CRCM","article_modified_time":"2025-11-18T09:33:43+00:00","og_image":[{"url":"https:\/\/crcm-marseille.fr\/wp-content\/uploads\/2024\/10\/logo-centre-de-recherche-en-cancerologie-de-marseille-crcm.webp#847","type":"","width":"","height":""}],"twitter_card":"summary_large_image","twitter_misc":{"Est. reading time":"6 minutes"},"schema":{"@context":"https:\/\/schema.org","@graph":[{"@type":"WebPage","@id":"https:\/\/crcm-marseille.fr\/en\/our-technology-platforms\/map-proteomic\/","url":"https:\/\/crcm-marseille.fr\/en\/our-technology-platforms\/map-proteomic\/","name":"MAP (Proteomic) | CRCM","isPartOf":{"@id":"https:\/\/crcm-marseille.fr\/en\/#website"},"primaryImageOfPage":{"@id":"https:\/\/crcm-marseille.fr\/en\/our-technology-platforms\/map-proteomic\/#primaryimage"},"image":{"@id":"https:\/\/crcm-marseille.fr\/en\/our-technology-platforms\/map-proteomic\/#primaryimage"},"thumbnailUrl":"https:\/\/crcm-marseille.fr\/wp-content\/uploads\/2024\/10\/logo-centre-de-recherche-en-cancerologie-de-marseille-crcm.webp#847","datePublished":"2024-12-31T14:45:42+00:00","dateModified":"2025-11-18T09:33:43+00:00","description":"MAP (Proteomic) Platform Platform - CRCM Platform - Platform manager: Jean-Paul Borg...","breadcrumb":{"@id":"https:\/\/crcm-marseille.fr\/en\/our-technology-platforms\/map-proteomic\/#breadcrumb"},"inLanguage":"en-US","potentialAction":[{"@type":"ReadAction","target":["https:\/\/crcm-marseille.fr\/en\/our-technology-platforms\/map-proteomic\/"]}]},{"@type":"ImageObject","inLanguage":"en-US","@id":"https:\/\/crcm-marseille.fr\/en\/our-technology-platforms\/map-proteomic\/#primaryimage","url":"https:\/\/crcm-marseille.fr\/wp-content\/uploads\/2024\/10\/logo-centre-de-recherche-en-cancerologie-de-marseille-crcm.webp#847","contentUrl":"https:\/\/crcm-marseille.fr\/wp-content\/uploads\/2024\/10\/logo-centre-de-recherche-en-cancerologie-de-marseille-crcm.webp#847"},{"@type":"BreadcrumbList","@id":"https:\/\/crcm-marseille.fr\/en\/our-technology-platforms\/map-proteomic\/#breadcrumb","itemListElement":[{"@type":"ListItem","position":1,"name":"Accueil","item":"https:\/\/crcm-marseille.fr\/en\/"},{"@type":"ListItem","position":2,"name":"Our technology platforms","item":"https:\/\/crcm-marseille.fr\/en\/our-technology-platforms\/"},{"@type":"ListItem","position":3,"name":"MAP (Proteomic)"}]},{"@type":"WebSite","@id":"https:\/\/crcm-marseille.fr\/en\/#website","url":"https:\/\/crcm-marseille.fr\/en\/","name":"CRCM","description":"Marseille Cancer Research Center","publisher":{"@id":"https:\/\/crcm-marseille.fr\/en\/#organization"},"alternateName":"Centre de recherche en canc\u00e9rologie de Marseille","potentialAction":[{"@type":"SearchAction","target":{"@type":"EntryPoint","urlTemplate":"https:\/\/crcm-marseille.fr\/en\/?s={search_term_string}"},"query-input":{"@type":"PropertyValueSpecification","valueRequired":true,"valueName":"search_term_string"}}],"inLanguage":"en-US"},{"@type":"Organization","@id":"https:\/\/crcm-marseille.fr\/en\/#organization","name":"CRCM","alternateName":"Centre de Recherche en Canc\u00e9rologie de Marseille","url":"https:\/\/crcm-marseille.fr\/en\/","logo":{"@type":"ImageObject","inLanguage":"en-US","@id":"https:\/\/crcm-marseille.fr\/en\/#\/schema\/logo\/image\/","url":"https:\/\/crcm-marseille.fr\/wp-content\/uploads\/2024\/10\/logo-crcm.png","contentUrl":"https:\/\/crcm-marseille.fr\/wp-content\/uploads\/2024\/10\/logo-crcm.png","width":11811,"height":7171,"caption":"CRCM"},"image":{"@id":"https:\/\/crcm-marseille.fr\/en\/#\/schema\/logo\/image\/"},"sameAs":["https:\/\/www.youtube.com\/@CRCM-marseille","https:\/\/www.linkedin.com\/company\/crcm-marseille\/","https:\/\/bsky.app\/profile\/crcm.bsky.social"]}]}},"_links":{"self":[{"href":"https:\/\/crcm-marseille.fr\/en\/wp-json\/wp\/v2\/pages\/5945","targetHints":{"allow":["GET"]}}],"collection":[{"href":"https:\/\/crcm-marseille.fr\/en\/wp-json\/wp\/v2\/pages"}],"about":[{"href":"https:\/\/crcm-marseille.fr\/en\/wp-json\/wp\/v2\/types\/page"}],"author":[{"embeddable":true,"href":"https:\/\/crcm-marseille.fr\/en\/wp-json\/wp\/v2\/users\/1"}],"replies":[{"embeddable":true,"href":"https:\/\/crcm-marseille.fr\/en\/wp-json\/wp\/v2\/comments?post=5945"}],"version-history":[{"count":1,"href":"https:\/\/crcm-marseille.fr\/en\/wp-json\/wp\/v2\/pages\/5945\/revisions"}],"predecessor-version":[{"id":9914,"href":"https:\/\/crcm-marseille.fr\/en\/wp-json\/wp\/v2\/pages\/5945\/revisions\/9914"}],"up":[{"embeddable":true,"href":"https:\/\/crcm-marseille.fr\/en\/wp-json\/wp\/v2\/pages\/5925"}],"wp:attachment":[{"href":"https:\/\/crcm-marseille.fr\/en\/wp-json\/wp\/v2\/media?parent=5945"}],"curies":[{"name":"wp","href":"https:\/\/api.w.org\/{rel}","templated":true}]}}