{"id":5839,"date":"2025-01-24T16:41:34","date_gmt":"2025-01-24T15:41:34","guid":{"rendered":"https:\/\/crcm-marseille.fr\/our-center\/our-commitments\/integrity-scientific-ethics-unit\/"},"modified":"2025-07-24T11:53:02","modified_gmt":"2025-07-24T09:53:02","slug":"integrity-scientific-ethics-unit","status":"publish","type":"page","link":"https:\/\/crcm-marseille.fr\/en\/our-center\/our-commitments\/integrity-scientific-ethics-unit\/","title":{"rendered":"Integrity &amp; Scientific Ethics Unit"},"content":{"rendered":"\n<figure class=\"wp-block-image\"><a href=\"https:\/\/crcm-marseille.fr\/en\/\"><img decoding=\"async\" src=\"https:\/\/crcm-marseille.fr\/wp-content\/uploads\/2024\/10\/logo-centre-de-recherche-en-cancerologie-de-marseille-crcm.webp#847\" alt=\"Logo Marseille Cancer Research Center\"\/><\/a><\/figure>\n\n<ul id=\"menu-menu-principal\" class=\"wp-block-list\">\n<li><a href=\"https:\/\/crcm-marseille.fr\/en\/\">Home<\/a><\/li>\n\n\n\n<li><a href=\"https:\/\/crcm-marseille.fr\/en\/our-center\/our-commitments\/integrity-scientific-ethics-unit\/#\">Our center<\/a><\/li>\n\n\n\n<li><a href=\"https:\/\/crcm-marseille.fr\/en\/our-center\/our-commitments\/integrity-scientific-ethics-unit\/#\">Our research<\/a><\/li>\n\n\n\n<li><a href=\"https:\/\/crcm-marseille.fr\/en\/our-center\/our-commitments\/integrity-scientific-ethics-unit\/#\">For students<\/a><\/li>\n\n\n\n<li><a href=\"https:\/\/crcm-marseille.fr\/en\/our-center\/our-commitments\/integrity-scientific-ethics-unit\/#\">For scientists<\/a><\/li>\n\n\n\n<li><a href=\"https:\/\/crcm-marseille.fr\/en\/our-center\/our-commitments\/integrity-scientific-ethics-unit\/#\">Research teams<\/a><\/li>\n\n\n\n<li><a href=\"https:\/\/crcm-marseille.fr\/en\/our-center\/our-commitments\/integrity-scientific-ethics-unit\/#\"><\/a><\/li>\n<\/ul>\n\n<h1 class=\"wp-block-heading\">Integrity Unit and<br\/>Scientific ethics<\/h1>\n\n<p><strong>Promoting ethically responsible research.<\/strong><\/p>\n\n<h3 class=\"wp-block-heading\">Presentation of the CRCM Integrity and Scientific Ethics Unit<\/h3>\n\n<p>The mission of CRCM&#8217;s Integrity and Scientific Ethics unit is to ensure that the research carried out within the center <strong>respects the principles of integrity, ethics and scientific rigor.<\/strong> This initiative is part of a proactive approach to ensuring transparency, reproducibility of results, and <strong>compliance with international standards<\/strong> in all research activities.<\/p>\n\n<p>In collaboration with the supervisory authorities, the unit works to <strong>raise awareness among researchers<\/strong> and support them in managing ethical and <strong>integrity<\/strong> issues.<\/p>\n\n<h3 class=\"wp-block-heading\">Our missions<\/h3>\n\n<h4 class=\"wp-block-heading\">Raising awareness and training<\/h4>\n\n<p>researchers and students to the challenges of scientific integrity and ethics.<\/p>\n\n<h4 class=\"wp-block-heading\">Promoting best practices<\/h4>\n\n<p>to prevent breaches of scientific integrity.<\/p>\n\n<h4 class=\"wp-block-heading\">Supporting teams<\/h4>\n\n<p>in identifying and managing ethical issues in connection with research projects.<\/p>\n\n<h4 class=\"wp-block-heading\">Providing support<\/h4>\n\n<p>in complex situations, directing researchers to the appropriate authorities (supervisory bodies, ethics committees).<\/p>\n\n<h4 class=\"wp-block-heading\">Rigorous monitoring<\/h4>\n\n<p>procedures in the event of a report or doubt concerning a possible breach of integrity.<\/p>\n\n<figure class=\"wp-block-image\"><img decoding=\"async\" src=\"https:\/\/crcm-marseille.fr\/wp-content\/uploads\/2024\/12\/forme-orange-plateforme-right-crcm.png\" alt=\"Form orange platform publications Marseille Cancer Research Center\"\/><\/figure>\n\n<figure class=\"wp-block-image\"><img decoding=\"async\" src=\"https:\/\/crcm-marseille.fr\/wp-content\/uploads\/2024\/12\/forme-orange-plateforme-left-crcm.png\" alt=\"Form orange platform publications Marseille Cancer Research Center\"\/><\/figure>\n\n<h3 class=\"wp-block-heading\">Integrity and Scientific Ethics representatives<\/h3>\n\n<ul class=\"wp-block-list\">\n<li>Thomas Miller<\/li>\n\n\n\n<li>G\u00e9raldine Guasch<\/li>\n\n\n\n<li>Fr\u00e9d\u00e9ric Andr\u00e9<\/li>\n<\/ul>\n\n<ul class=\"wp-block-list\">\n<li>Shuheng Lin<\/li>\n\n\n\n<li>Laetitia Maestroni<\/li>\n\n\n\n<li>Yanis Saidani<\/li>\n<\/ul>\n\n<p><a href=\"https:\/\/crcm-marseille.fr\/en\/\">Intranet connection<\/a><br\/><a href=\"https:\/\/crcm-marseille.fr\/annuaire\/\">Directory<\/a><br\/><a href=\"https:\/\/crcm-marseille.fr\/en\/\">About IPC<\/a><br\/><a href=\"https:\/\/crcm-marseille.fr\/actualites\/\">News<\/a><br\/><a href=\"https:\/\/crcm-marseille.fr\/evenements\/\">Events<\/a><br\/><a href=\"https:\/\/crcm-marseille.fr\/en\/\">Legal notice<\/a><br\/><a href=\"https:\/\/crcm-marseille.fr\/en\/\">Privacy policy<\/a><\/p>\n\n<h3 class=\"wp-block-heading\">Marseille Cancer Research Center<\/h3>\n\n<p>27 Bd Le\u00ef Roure, CS 30059<br\/>13273 Marseille Cedex 09<\/p>\n\n<p>Tel: 04 86 97 72 00<\/p>\n\n<p><a href=\"https:\/\/crcm-marseille.fr\/en\/\">Contact us<br\/>How to get here<\/a><\/p>\n\n<p>Follow us<\/p>\n\n<ul class=\"wp-block-list\">\n<li><a href=\"https:\/\/x.com\/crcm_marseille\" target=\"_blank\" rel=\"noreferrer noopener\">X<\/a><\/li>\n\n\n\n<li><a href=\"https:\/\/www.youtube.com\/@CRCM-marseille\" target=\"_blank\" rel=\"noreferrer noopener\">YouTube<\/a><\/li>\n\n\n\n<li><a href=\"https:\/\/www.linkedin.com\/company\/crcm-marseille\/\" target=\"_blank\" rel=\"noreferrer noopener\">LinkedIn<\/a><\/li>\n\n\n\n<li><a href=\"https:\/\/bsky.app\/profile\/crcm.bsky.social\" target=\"_blank\" rel=\"noreferrer noopener\">Bluesky<\/a><\/li>\n<\/ul>\n\n<p><a href=\"https:\/\/crcm-marseille.fr\/en\/our-center\/our-commitments\/integrity-scientific-ethics-unit\/\"><\/a><\/p>\n\n<p>www.crcm-marseille.fr \u00a92024 | All rights reserved &#8211; Created by <a href=\"https:\/\/yesss-communication.fr\/\" target=\"_blank\" rel=\"noreferrer noopener\">Yesss Communication<\/a> &amp; <a href=\"https:\/\/www.bioself-communication.com\/\" target=\"_blank\" rel=\"noreferrer noopener\">Bioself<\/a><\/p>\n\n<p><\/p>\n","protected":false},"excerpt":{"rendered":"<p>Integrity Unit andScientific ethics Promoting ethically responsible research. Presentation of the CRCM Integrity and<span class=\"excerpt-hellip\"> [\u2026]<\/span><\/p>\n","protected":false},"author":1,"featured_media":0,"parent":5767,"menu_order":0,"comment_status":"closed","ping_status":"closed","template":"","meta":{"_tec_requires_first_save":true,"_EventAllDay":false,"_EventTimezone":"","_EventStartDate":"","_EventEndDate":"","_EventStartDateUTC":"","_EventEndDateUTC":"","_EventShowMap":false,"_EventShowMapLink":false,"_EventURL":"","_EventCost":"","_EventCostDescription":"","_EventCurrencySymbol":"","_EventCurrencyCode":"","_EventCurrencyPosition":"","_EventDateTimeSeparator":"","_EventTimeRangeSeparator":"","_EventOrganizerID":[],"_EventVenueID":[],"_OrganizerEmail":"","_OrganizerPhone":"","_OrganizerWebsite":"","_VenueAddress":"","_VenueCity":"","_VenueCountry":"","_VenueProvince":"","_VenueState":"","_VenueZip":"","_VenuePhone":"","_VenueURL":"","_VenueStateProvince":"","_VenueLat":"","_VenueLng":"","_VenueShowMap":false,"_VenueShowMapLink":false,"_tribe_blocks_recurrence_rules":"","_tribe_blocks_recurrence_description":"","_tribe_blocks_recurrence_exclusions":"","footnotes":""},"class_list":["post-5839","page","type-page","status-publish","hentry"],"yoast_head":"<!-- This site is optimized with the Yoast SEO plugin v26.9 - https:\/\/yoast.com\/product\/yoast-seo-wordpress\/ -->\n<title>Integrity &amp; Scientific Ethics Unit | CRCM<\/title>\n<meta name=\"description\" content=\"The mission of the CRCM&#039;s Scientific Integrity &amp; Ethics Unit is to ensure that the research carried out at the center...\" \/>\n<meta name=\"robots\" content=\"index, follow, max-snippet:-1, max-image-preview:large, max-video-preview:-1\" \/>\n<link rel=\"canonical\" href=\"https:\/\/crcm-marseille.fr\/en\/our-center\/our-commitments\/integrity-scientific-ethics-unit\/\" \/>\n<meta property=\"og:locale\" content=\"en_US\" \/>\n<meta property=\"og:type\" content=\"article\" \/>\n<meta property=\"og:title\" content=\"Integrity &amp; Scientific Ethics Unit | CRCM\" \/>\n<meta property=\"og:description\" content=\"The mission of the CRCM&#039;s Scientific Integrity &amp; Ethics Unit is to ensure that the research carried out at the center...\" \/>\n<meta property=\"og:url\" content=\"https:\/\/crcm-marseille.fr\/en\/our-center\/our-commitments\/integrity-scientific-ethics-unit\/\" \/>\n<meta property=\"og:site_name\" content=\"CRCM\" \/>\n<meta property=\"article:modified_time\" content=\"2025-07-24T09:53:02+00:00\" \/>\n<meta property=\"og:image\" content=\"https:\/\/crcm-marseille.fr\/wp-content\/uploads\/2024\/10\/logo-centre-de-recherche-en-cancerologie-de-marseille-crcm.webp#847\" \/>\n<meta name=\"twitter:card\" content=\"summary_large_image\" \/>\n<meta name=\"twitter:label1\" content=\"Est. reading time\" \/>\n\t<meta name=\"twitter:data1\" content=\"2 minutes\" \/>\n<script type=\"application\/ld+json\" class=\"yoast-schema-graph\">{\"@context\":\"https:\/\/schema.org\",\"@graph\":[{\"@type\":\"WebPage\",\"@id\":\"https:\/\/crcm-marseille.fr\/en\/our-center\/our-commitments\/integrity-scientific-ethics-unit\/\",\"url\":\"https:\/\/crcm-marseille.fr\/en\/our-center\/our-commitments\/integrity-scientific-ethics-unit\/\",\"name\":\"Integrity &amp; Scientific Ethics Unit | CRCM\",\"isPartOf\":{\"@id\":\"https:\/\/crcm-marseille.fr\/en\/#website\"},\"primaryImageOfPage\":{\"@id\":\"https:\/\/crcm-marseille.fr\/en\/our-center\/our-commitments\/integrity-scientific-ethics-unit\/#primaryimage\"},\"image\":{\"@id\":\"https:\/\/crcm-marseille.fr\/en\/our-center\/our-commitments\/integrity-scientific-ethics-unit\/#primaryimage\"},\"thumbnailUrl\":\"https:\/\/crcm-marseille.fr\/wp-content\/uploads\/2024\/10\/logo-centre-de-recherche-en-cancerologie-de-marseille-crcm.webp#847\",\"datePublished\":\"2025-01-24T15:41:34+00:00\",\"dateModified\":\"2025-07-24T09:53:02+00:00\",\"description\":\"The mission of the CRCM's Scientific Integrity & Ethics Unit is to ensure that the research carried out at the center...\",\"breadcrumb\":{\"@id\":\"https:\/\/crcm-marseille.fr\/en\/our-center\/our-commitments\/integrity-scientific-ethics-unit\/#breadcrumb\"},\"inLanguage\":\"en-US\",\"potentialAction\":[{\"@type\":\"ReadAction\",\"target\":[\"https:\/\/crcm-marseille.fr\/en\/our-center\/our-commitments\/integrity-scientific-ethics-unit\/\"]}]},{\"@type\":\"ImageObject\",\"inLanguage\":\"en-US\",\"@id\":\"https:\/\/crcm-marseille.fr\/en\/our-center\/our-commitments\/integrity-scientific-ethics-unit\/#primaryimage\",\"url\":\"https:\/\/crcm-marseille.fr\/wp-content\/uploads\/2024\/10\/logo-centre-de-recherche-en-cancerologie-de-marseille-crcm.webp#847\",\"contentUrl\":\"https:\/\/crcm-marseille.fr\/wp-content\/uploads\/2024\/10\/logo-centre-de-recherche-en-cancerologie-de-marseille-crcm.webp#847\"},{\"@type\":\"BreadcrumbList\",\"@id\":\"https:\/\/crcm-marseille.fr\/en\/our-center\/our-commitments\/integrity-scientific-ethics-unit\/#breadcrumb\",\"itemListElement\":[{\"@type\":\"ListItem\",\"position\":1,\"name\":\"Accueil\",\"item\":\"https:\/\/crcm-marseille.fr\/en\/\"},{\"@type\":\"ListItem\",\"position\":2,\"name\":\"Our center\",\"item\":\"https:\/\/crcm-marseille.fr\/en\/notre-centre\/\"},{\"@type\":\"ListItem\",\"position\":3,\"name\":\"Our commitments\",\"item\":\"https:\/\/crcm-marseille.fr\/en\/notre-centre\/nos-engagements\/\"},{\"@type\":\"ListItem\",\"position\":4,\"name\":\"Integrity &amp; Scientific Ethics Unit\"}]},{\"@type\":\"WebSite\",\"@id\":\"https:\/\/crcm-marseille.fr\/en\/#website\",\"url\":\"https:\/\/crcm-marseille.fr\/en\/\",\"name\":\"CRCM\",\"description\":\"Marseille Cancer Research Center\",\"publisher\":{\"@id\":\"https:\/\/crcm-marseille.fr\/en\/#organization\"},\"alternateName\":\"Centre de recherche en canc\u00e9rologie de Marseille\",\"potentialAction\":[{\"@type\":\"SearchAction\",\"target\":{\"@type\":\"EntryPoint\",\"urlTemplate\":\"https:\/\/crcm-marseille.fr\/en\/?s={search_term_string}\"},\"query-input\":{\"@type\":\"PropertyValueSpecification\",\"valueRequired\":true,\"valueName\":\"search_term_string\"}}],\"inLanguage\":\"en-US\"},{\"@type\":\"Organization\",\"@id\":\"https:\/\/crcm-marseille.fr\/en\/#organization\",\"name\":\"CRCM\",\"alternateName\":\"Centre de Recherche en Canc\u00e9rologie de Marseille\",\"url\":\"https:\/\/crcm-marseille.fr\/en\/\",\"logo\":{\"@type\":\"ImageObject\",\"inLanguage\":\"en-US\",\"@id\":\"https:\/\/crcm-marseille.fr\/en\/#\/schema\/logo\/image\/\",\"url\":\"https:\/\/crcm-marseille.fr\/wp-content\/uploads\/2024\/10\/logo-crcm.png\",\"contentUrl\":\"https:\/\/crcm-marseille.fr\/wp-content\/uploads\/2024\/10\/logo-crcm.png\",\"width\":11811,\"height\":7171,\"caption\":\"CRCM\"},\"image\":{\"@id\":\"https:\/\/crcm-marseille.fr\/en\/#\/schema\/logo\/image\/\"},\"sameAs\":[\"https:\/\/www.youtube.com\/@CRCM-marseille\",\"https:\/\/www.linkedin.com\/company\/crcm-marseille\/\",\"https:\/\/bsky.app\/profile\/crcm.bsky.social\"]}]}<\/script>\n<!-- \/ Yoast SEO plugin. -->","yoast_head_json":{"title":"Integrity &amp; Scientific Ethics Unit | CRCM","description":"The mission of the CRCM's Scientific Integrity & Ethics Unit is to ensure that the research carried out at the center...","robots":{"index":"index","follow":"follow","max-snippet":"max-snippet:-1","max-image-preview":"max-image-preview:large","max-video-preview":"max-video-preview:-1"},"canonical":"https:\/\/crcm-marseille.fr\/en\/our-center\/our-commitments\/integrity-scientific-ethics-unit\/","og_locale":"en_US","og_type":"article","og_title":"Integrity &amp; Scientific Ethics Unit | CRCM","og_description":"The mission of the CRCM's Scientific Integrity & Ethics Unit is to ensure that the research carried out at the center...","og_url":"https:\/\/crcm-marseille.fr\/en\/our-center\/our-commitments\/integrity-scientific-ethics-unit\/","og_site_name":"CRCM","article_modified_time":"2025-07-24T09:53:02+00:00","og_image":[{"url":"https:\/\/crcm-marseille.fr\/wp-content\/uploads\/2024\/10\/logo-centre-de-recherche-en-cancerologie-de-marseille-crcm.webp#847","type":"","width":"","height":""}],"twitter_card":"summary_large_image","twitter_misc":{"Est. reading time":"2 minutes"},"schema":{"@context":"https:\/\/schema.org","@graph":[{"@type":"WebPage","@id":"https:\/\/crcm-marseille.fr\/en\/our-center\/our-commitments\/integrity-scientific-ethics-unit\/","url":"https:\/\/crcm-marseille.fr\/en\/our-center\/our-commitments\/integrity-scientific-ethics-unit\/","name":"Integrity &amp; Scientific Ethics Unit | CRCM","isPartOf":{"@id":"https:\/\/crcm-marseille.fr\/en\/#website"},"primaryImageOfPage":{"@id":"https:\/\/crcm-marseille.fr\/en\/our-center\/our-commitments\/integrity-scientific-ethics-unit\/#primaryimage"},"image":{"@id":"https:\/\/crcm-marseille.fr\/en\/our-center\/our-commitments\/integrity-scientific-ethics-unit\/#primaryimage"},"thumbnailUrl":"https:\/\/crcm-marseille.fr\/wp-content\/uploads\/2024\/10\/logo-centre-de-recherche-en-cancerologie-de-marseille-crcm.webp#847","datePublished":"2025-01-24T15:41:34+00:00","dateModified":"2025-07-24T09:53:02+00:00","description":"The mission of the CRCM's Scientific Integrity & Ethics Unit is to ensure that the research carried out at the center...","breadcrumb":{"@id":"https:\/\/crcm-marseille.fr\/en\/our-center\/our-commitments\/integrity-scientific-ethics-unit\/#breadcrumb"},"inLanguage":"en-US","potentialAction":[{"@type":"ReadAction","target":["https:\/\/crcm-marseille.fr\/en\/our-center\/our-commitments\/integrity-scientific-ethics-unit\/"]}]},{"@type":"ImageObject","inLanguage":"en-US","@id":"https:\/\/crcm-marseille.fr\/en\/our-center\/our-commitments\/integrity-scientific-ethics-unit\/#primaryimage","url":"https:\/\/crcm-marseille.fr\/wp-content\/uploads\/2024\/10\/logo-centre-de-recherche-en-cancerologie-de-marseille-crcm.webp#847","contentUrl":"https:\/\/crcm-marseille.fr\/wp-content\/uploads\/2024\/10\/logo-centre-de-recherche-en-cancerologie-de-marseille-crcm.webp#847"},{"@type":"BreadcrumbList","@id":"https:\/\/crcm-marseille.fr\/en\/our-center\/our-commitments\/integrity-scientific-ethics-unit\/#breadcrumb","itemListElement":[{"@type":"ListItem","position":1,"name":"Accueil","item":"https:\/\/crcm-marseille.fr\/en\/"},{"@type":"ListItem","position":2,"name":"Our center","item":"https:\/\/crcm-marseille.fr\/en\/notre-centre\/"},{"@type":"ListItem","position":3,"name":"Our commitments","item":"https:\/\/crcm-marseille.fr\/en\/notre-centre\/nos-engagements\/"},{"@type":"ListItem","position":4,"name":"Integrity &amp; Scientific Ethics Unit"}]},{"@type":"WebSite","@id":"https:\/\/crcm-marseille.fr\/en\/#website","url":"https:\/\/crcm-marseille.fr\/en\/","name":"CRCM","description":"Marseille Cancer Research Center","publisher":{"@id":"https:\/\/crcm-marseille.fr\/en\/#organization"},"alternateName":"Centre de recherche en canc\u00e9rologie de Marseille","potentialAction":[{"@type":"SearchAction","target":{"@type":"EntryPoint","urlTemplate":"https:\/\/crcm-marseille.fr\/en\/?s={search_term_string}"},"query-input":{"@type":"PropertyValueSpecification","valueRequired":true,"valueName":"search_term_string"}}],"inLanguage":"en-US"},{"@type":"Organization","@id":"https:\/\/crcm-marseille.fr\/en\/#organization","name":"CRCM","alternateName":"Centre de Recherche en Canc\u00e9rologie de Marseille","url":"https:\/\/crcm-marseille.fr\/en\/","logo":{"@type":"ImageObject","inLanguage":"en-US","@id":"https:\/\/crcm-marseille.fr\/en\/#\/schema\/logo\/image\/","url":"https:\/\/crcm-marseille.fr\/wp-content\/uploads\/2024\/10\/logo-crcm.png","contentUrl":"https:\/\/crcm-marseille.fr\/wp-content\/uploads\/2024\/10\/logo-crcm.png","width":11811,"height":7171,"caption":"CRCM"},"image":{"@id":"https:\/\/crcm-marseille.fr\/en\/#\/schema\/logo\/image\/"},"sameAs":["https:\/\/www.youtube.com\/@CRCM-marseille","https:\/\/www.linkedin.com\/company\/crcm-marseille\/","https:\/\/bsky.app\/profile\/crcm.bsky.social"]}]}},"_links":{"self":[{"href":"https:\/\/crcm-marseille.fr\/en\/wp-json\/wp\/v2\/pages\/5839","targetHints":{"allow":["GET"]}}],"collection":[{"href":"https:\/\/crcm-marseille.fr\/en\/wp-json\/wp\/v2\/pages"}],"about":[{"href":"https:\/\/crcm-marseille.fr\/en\/wp-json\/wp\/v2\/types\/page"}],"author":[{"embeddable":true,"href":"https:\/\/crcm-marseille.fr\/en\/wp-json\/wp\/v2\/users\/1"}],"replies":[{"embeddable":true,"href":"https:\/\/crcm-marseille.fr\/en\/wp-json\/wp\/v2\/comments?post=5839"}],"version-history":[{"count":0,"href":"https:\/\/crcm-marseille.fr\/en\/wp-json\/wp\/v2\/pages\/5839\/revisions"}],"up":[{"embeddable":true,"href":"https:\/\/crcm-marseille.fr\/en\/wp-json\/wp\/v2\/pages\/5767"}],"wp:attachment":[{"href":"https:\/\/crcm-marseille.fr\/en\/wp-json\/wp\/v2\/media?parent=5839"}],"curies":[{"name":"wp","href":"https:\/\/api.w.org\/{rel}","templated":true}]}}