{"id":5787,"date":"2025-02-11T09:17:35","date_gmt":"2025-02-11T08:17:35","guid":{"rendered":"https:\/\/crcm-marseille.fr\/pet-shop-platform\/"},"modified":"2025-11-18T10:12:39","modified_gmt":"2025-11-18T09:12:39","slug":"animal-house-facility","status":"publish","type":"page","link":"https:\/\/crcm-marseille.fr\/en\/our-technology-platforms\/animal-house-facility\/","title":{"rendered":"Animal House Facility"},"content":{"rendered":"\n<figure class=\"wp-block-image\"><a href=\"https:\/\/crcm-marseille.fr\/en\/\"><img decoding=\"async\" src=\"https:\/\/crcm-marseille.fr\/wp-content\/uploads\/2024\/10\/logo-centre-de-recherche-en-cancerologie-de-marseille-crcm.webp#847\" alt=\"logo-crcm\"\/><\/a><\/figure>\n\n\n\n<ul id=\"menu-main-menu\" class=\"wp-block-list\">\n<li><a href=\"https:\/\/crcm-marseille.fr\/en\/\">Home<\/a><\/li>\n\n\n\n<li><a>Our center<\/a><\/li>\n\n\n\n<li><a>Our research<\/a><\/li>\n\n\n\n<li><a>For students<\/a><\/li>\n\n\n\n<li><a>For scientists<\/a><\/li>\n\n\n\n<li><a href=\"https:\/\/crcm-marseille.fr\/our-research-teams\/\">The research teams<\/a><\/li>\n\n\n\n<li><a href=\"https:\/\/crcm-marseille.fr\/en\/our-technology-platforms\/pet-shop-platform\/#\"><\/a><\/li>\n<\/ul>\n\n\n\n<figure class=\"wp-block-image\"><img decoding=\"async\" src=\"https:\/\/crcm-marseille.fr\/wp-content\/plugins\/sitepress-multilingual-cms\/res\/flags\/en.svg\" alt=\"English\"\/><\/figure>\n\n\n\n<h1 class=\"wp-block-heading\">Animal House Facility<\/h1>\n\n\n\n<p>Paoli Calmettes Institute<\/p>\n\n\n\n<figure class=\"wp-block-image\"><a class=\" mfn-coverimg-wrapper\" href=\"https:\/\/crcm-marseille.fr\/team\/jean-charles-graziano\/\"><img decoding=\"async\" src=\"https:\/\/crcm-marseille.fr\/wp-content\/uploads\/2025\/02\/Jean-Charles-GRAZIANO.jpg\" alt=\"\"\/><\/a><\/figure>\n\n\n\n<p><a href=\"https:\/\/crcm-marseille.fr\/team\/jean-charles-graziano\/\">Jean-Charles Graziano<\/a><\/p>\n\n\n\n<p>Platform manager<\/p>\n\n\n\n<p><a href=\"https:\/\/crcm-marseille.fr\/team\/eric-montegrandi\/\"><\/a><\/p>\n\n\n\n<figure class=\"wp-block-image\"><a class=\"sptp-member-avatar \" href=\"https:\/\/crcm-marseille.fr\/en\/team\/eric-montegrandi\/\"><img decoding=\"async\" src=\"https:\/\/crcm-marseille.fr\/wp-content\/uploads\/2025\/02\/Eric-Montegrandi.jpg\" alt=\"\u00c9ric Montegrandi\"\/><\/a><\/figure>\n\n\n\n<h2 class=\"wp-block-heading\">\u00c9ric Montegrandi<\/h2>\n\n\n\n<h4 class=\"wp-block-heading\">Technicien<\/h4>\n\n\n\n<p><a href=\"https:\/\/crcm-marseille.fr\/team\/jean-baptiste-marty\/\"><\/a><\/p>\n\n\n\n<figure class=\"wp-block-image\"><a class=\"sptp-member-avatar \" href=\"https:\/\/crcm-marseille.fr\/en\/team\/jean-baptiste-marty\/\"><img decoding=\"async\" src=\"https:\/\/crcm-marseille.fr\/wp-content\/uploads\/2025\/02\/jean-baptiste-MARTY.jpg\" alt=\"Jean-Baptiste Marty\"\/><\/a><\/figure>\n\n\n\n<h2 class=\"wp-block-heading\">Jean-Baptiste Marty<\/h2>\n\n\n\n<h4 class=\"wp-block-heading\">Technicien<\/h4>\n\n\n\n<p><a href=\"https:\/\/crcm-marseille.fr\/team\/jean-christophe-orsoni\/\"><\/a><\/p>\n\n\n\n<figure class=\"wp-block-image\"><a class=\"sptp-member-avatar \" href=\"https:\/\/crcm-marseille.fr\/en\/team\/jean-christophe-orsoni\/\"><img decoding=\"async\" src=\"https:\/\/crcm-marseille.fr\/wp-content\/uploads\/2025\/02\/orsoni-jean-christophe-new-crcm.webp\" alt=\"Jean-Christophe Orsoni\"\/><\/a><\/figure>\n\n\n\n<h2 class=\"wp-block-heading\">Jean-Christophe Orsoni<\/h2>\n\n\n\n<h4 class=\"wp-block-heading\">Ing\u00e9nieur<\/h4>\n\n\n\n<p><a href=\"https:\/\/crcm-marseille.fr\/team\/arnaud-capel\/\"><\/a><\/p>\n\n\n\n<figure class=\"wp-block-image\"><a class=\"sptp-member-avatar \" href=\"https:\/\/crcm-marseille.fr\/en\/team\/arnaud-capel\/\"><img decoding=\"async\" src=\"https:\/\/crcm-marseille.fr\/wp-content\/uploads\/2025\/02\/Arnaud-CAPEL.jpg\" alt=\"Arnaud Capel\"\/><\/a><\/figure>\n\n\n\n<h2 class=\"wp-block-heading\">Arnaud Capel<\/h2>\n\n\n\n<h4 class=\"wp-block-heading\">Technicien<\/h4>\n\n\n\n<p><a href=\"https:\/\/crcm-marseille.fr\/team\/eric-montegrandi\/\"><\/a><\/p>\n\n\n\n<figure class=\"wp-block-image\"><a class=\"sptp-member-avatar \" href=\"https:\/\/crcm-marseille.fr\/en\/team\/eric-montegrandi\/\"><img decoding=\"async\" src=\"https:\/\/crcm-marseille.fr\/wp-content\/uploads\/2025\/02\/Eric-Montegrandi.jpg\" alt=\"\u00c9ric Montegrandi\"\/><\/a><\/figure>\n\n\n\n<h2 class=\"wp-block-heading\">\u00c9ric Montegrandi<\/h2>\n\n\n\n<h4 class=\"wp-block-heading\">Technicien<\/h4>\n\n\n\n<p><a href=\"https:\/\/crcm-marseille.fr\/team\/jean-baptiste-marty\/\"><\/a><\/p>\n\n\n\n<figure class=\"wp-block-image\"><a class=\"sptp-member-avatar \" href=\"https:\/\/crcm-marseille.fr\/en\/team\/jean-baptiste-marty\/\"><img decoding=\"async\" src=\"https:\/\/crcm-marseille.fr\/wp-content\/uploads\/2025\/02\/jean-baptiste-MARTY.jpg\" alt=\"Jean-Baptiste Marty\"\/><\/a><\/figure>\n\n\n\n<h2 class=\"wp-block-heading\">Jean-Baptiste Marty<\/h2>\n\n\n\n<h4 class=\"wp-block-heading\">Technicien<\/h4>\n\n\n\n<p><a href=\"https:\/\/crcm-marseille.fr\/team\/jean-christophe-orsoni\/\"><\/a><\/p>\n\n\n\n<figure class=\"wp-block-image\"><a class=\"sptp-member-avatar \" href=\"https:\/\/crcm-marseille.fr\/en\/team\/jean-christophe-orsoni\/\"><img decoding=\"async\" src=\"https:\/\/crcm-marseille.fr\/wp-content\/uploads\/2025\/02\/orsoni-jean-christophe-new-crcm.webp\" alt=\"Jean-Christophe Orsoni\"\/><\/a><\/figure>\n\n\n\n<h2 class=\"wp-block-heading\">Jean-Christophe Orsoni<\/h2>\n\n\n\n<h4 class=\"wp-block-heading\">Ing\u00e9nieur<\/h4>\n\n\n\n<p><a href=\"https:\/\/crcm-marseille.fr\/team\/arnaud-capel\/\"><\/a><\/p>\n\n\n\n<figure class=\"wp-block-image\"><a class=\"sptp-member-avatar \" href=\"https:\/\/crcm-marseille.fr\/en\/team\/arnaud-capel\/\"><img decoding=\"async\" src=\"https:\/\/crcm-marseille.fr\/wp-content\/uploads\/2025\/02\/Arnaud-CAPEL.jpg\" alt=\"Arnaud Capel\"\/><\/a><\/figure>\n\n\n\n<h2 class=\"wp-block-heading\">Arnaud Capel<\/h2>\n\n\n\n<h4 class=\"wp-block-heading\">Technicien<\/h4>\n\n\n\n<p><a href=\"https:\/\/crcm-marseille.fr\/team\/eric-montegrandi\/\"><\/a><\/p>\n\n\n\n<figure class=\"wp-block-image\"><a class=\"sptp-member-avatar \" href=\"https:\/\/crcm-marseille.fr\/en\/team\/eric-montegrandi\/\"><img decoding=\"async\" src=\"https:\/\/crcm-marseille.fr\/wp-content\/uploads\/2025\/02\/Eric-Montegrandi.jpg\" alt=\"\u00c9ric Montegrandi\"\/><\/a><\/figure>\n\n\n\n<h2 class=\"wp-block-heading\">\u00c9ric Montegrandi<\/h2>\n\n\n\n<h4 class=\"wp-block-heading\">Technicien<\/h4>\n\n\n\n<p><a href=\"https:\/\/crcm-marseille.fr\/team\/jean-baptiste-marty\/\"><\/a><\/p>\n\n\n\n<figure class=\"wp-block-image\"><a class=\"sptp-member-avatar \" href=\"https:\/\/crcm-marseille.fr\/en\/team\/jean-baptiste-marty\/\"><img decoding=\"async\" src=\"https:\/\/crcm-marseille.fr\/wp-content\/uploads\/2025\/02\/jean-baptiste-MARTY.jpg\" alt=\"Jean-Baptiste Marty\"\/><\/a><\/figure>\n\n\n\n<h2 class=\"wp-block-heading\">Jean-Baptiste Marty<\/h2>\n\n\n\n<h4 class=\"wp-block-heading\">Technicien<\/h4>\n\n\n\n<p>The CRCM&#8217;s Animal House Facility is a shared service&nbsp;whose essential mission is to provide animal husbandry and care services for wild or altered animals, in compliance with current regulations on animal experimentation (Directive 2010\/63\/EU).<\/p>\n\n\n\n<p>The animal facility offers the center&#8217;s research teams :<\/p>\n\n\n\n<ul class=\"wp-block-list\">\n<li>Qualified and competent staff, trained in good zootechnical practices and ethics, and members of the Animal Welfare Structure (link to SBEA page).<\/li>\n\n\n\n<li>State-of-the-art premises and equipment that comply with official (French, European, international) standards and regulations.<\/li>\n<\/ul>\n\n\n\n<figure class=\"wp-block-image\"><img decoding=\"async\" src=\"https:\/\/crcm-marseille.fr\/wp-content\/uploads\/2025\/02\/logo-plateforme-animalerie-crcm.jpg\" alt=\"\"\/><\/figure>\n\n\n\n<h3 class=\"wp-block-heading\">Activities<\/h3>\n\n\n\n<p>&#8211; Animal&nbsp;care&nbsp;and monitoring<br>&#8211;&nbsp;Monitoring of the various breeding facilities producing models with defined characteristics<br>&#8211;&nbsp;Qualified technical assistance for genotyping, embryo transfer rederivation, cryopreservation and ES cell injection<br>&#8211;&nbsp;Upkeep and maintenance of facilities<br>&#8211;&nbsp;Health monitoring and organization of regular checks for the various housing and experimental areas in accordance with FELASA recommendations.<\/p>\n\n\n\n<h2 class=\"wp-block-heading\">Labels, Funding and Partners<\/h2>\n\n\n\n<ul class=\"wp-block-list\">\n<li><a href=\"https:\/\/www.sbea-c2ea.fr\/\" target=\"_blank\" rel=\"noreferrer noopener\"><\/a><\/li>\n\n\n\n<li><a href=\"https:\/\/celphedia.sciencesconf.org\/\" target=\"_blank\" rel=\"noreferrer noopener\"><\/a><\/li>\n\n\n\n<li><a href=\"https:\/\/www.faxility-solutions.com\/\" target=\"_blank\" rel=\"noreferrer noopener\"><\/a><\/li>\n<\/ul>\n\n\n\n<p><a href=\"https:\/\/intra-crcm.marseille.inserm.fr\/\" target=\"_blank\" rel=\"noreferrer noopener\">Intranet connection<\/a><br><a href=\"https:\/\/crcm-marseille.fr\/annuaire\/\">Directory<\/a><br><a href=\"https:\/\/www.institutpaolicalmettes.fr\/\" target=\"_blank\" rel=\"noreferrer noopener\">IPC collaboration<\/a><br><a href=\"https:\/\/crcm-marseille.fr\/actualites\/\">News<\/a><br><a href=\"https:\/\/crcm-marseille.fr\/evenements\/\">Events<\/a><br><a href=\"https:\/\/crcm-marseille.fr\/en\/our-center\/partnerships-and-innovation\/\">Partnerships &amp; Innovation<\/a><br><a href=\"https:\/\/crcm-marseille.fr\/en\/terms-of-use\/\">Terms &amp; Conditions<\/a><br><a href=\"https:\/\/crcm-marseille.fr\/politique-de-confidentialite\/\">Privacy policy<\/a><\/p>\n\n\n\n<h3 class=\"wp-block-heading\">Marseille Cancer Research Center<\/h3>\n\n\n\n<p>27 Bd Le\u00ef Roure, CS 30059<br>13273 Marseille Cedex 09<\/p>\n\n\n\n<p>Tel: 04 86 97 72 00<\/p>\n\n\n\n<p><a href=\"https:\/\/crcm-marseille.fr\/en\/contact\/\">Contact us<br>How to get here<\/a><\/p>\n\n\n\n<p>Follow us<\/p>\n\n\n\n<ul class=\"wp-block-list\">\n<li><a href=\"https:\/\/www.youtube.com\/@CRCM-marseille\" target=\"_blank\" rel=\"noreferrer noopener\">YouTube<\/a><\/li>\n\n\n\n<li><a href=\"https:\/\/www.linkedin.com\/company\/crcm-marseille\/\" target=\"_blank\" rel=\"noreferrer noopener\">LinkedIn<\/a><\/li>\n\n\n\n<li><a href=\"https:\/\/bsky.app\/profile\/crcm.bsky.social\" target=\"_blank\" rel=\"noreferrer noopener\">Bluesky<\/a><\/li>\n<\/ul>\n\n\n\n<p><a href=\"https:\/\/crcm-marseille.fr\/en\/our-technology-platforms\/pet-shop-platform\/\"><\/a><\/p>\n\n\n\n<p>www.crcm-marseille.fr \u00a92024 | Tous droits r\u00e9serv\u00e9s &#8211; R\u00e9alis\u00e9 par&nbsp;<a href=\"https:\/\/yesss-communication.fr\/\" target=\"_blank\" rel=\"noreferrer noopener\">Yesss Communication<\/a>&nbsp;&amp;&nbsp;<a href=\"https:\/\/www.bioself-communication.com\/\" target=\"_blank\" rel=\"noreferrer noopener\">Bioself<\/a><\/p>\n\n\n\n<ul class=\"wp-block-list\">\n<li><\/li>\n<\/ul>\n\n\n\n<p><a href=\"https:\/\/crcm-marseille.fr\/en\/our-technology-platforms\/pet-shop-platform\/#\"><\/a><\/p>\n\n\n\n<figure class=\"wp-block-image\"><img decoding=\"async\" src=\"https:\/\/crcm-marseille.fr\/wp-content\/plugins\/sitepress-multilingual-cms\/res\/flags\/en.svg\" alt=\"English\"\/><\/figure>\n\n\n\n<p><a href=\"https:\/\/crcm-marseille.fr\/en\/our-technology-platforms\/pet-shop-platform\/#\"><\/a><\/p>\n\n\n\n<p><\/p>\n","protected":false},"excerpt":{"rendered":"<p>Animal House Facility Paoli Calmettes Institute Jean-Charles Graziano Platform manager \u00c9ric Montegrandi Technicien Jean-Baptiste<span class=\"excerpt-hellip\"> [\u2026]<\/span><\/p>\n","protected":false},"author":1,"featured_media":0,"parent":5925,"menu_order":0,"comment_status":"closed","ping_status":"closed","template":"","meta":{"_tec_requires_first_save":true,"_EventAllDay":false,"_EventTimezone":"","_EventStartDate":"","_EventEndDate":"","_EventStartDateUTC":"","_EventEndDateUTC":"","_EventShowMap":false,"_EventShowMapLink":false,"_EventURL":"","_EventCost":"","_EventCostDescription":"","_EventCurrencySymbol":"","_EventCurrencyCode":"","_EventCurrencyPosition":"","_EventDateTimeSeparator":"","_EventTimeRangeSeparator":"","_EventOrganizerID":[],"_EventVenueID":[],"_OrganizerEmail":"","_OrganizerPhone":"","_OrganizerWebsite":"","_VenueAddress":"","_VenueCity":"","_VenueCountry":"","_VenueProvince":"","_VenueState":"","_VenueZip":"","_VenuePhone":"","_VenueURL":"","_VenueStateProvince":"","_VenueLat":"","_VenueLng":"","_VenueShowMap":false,"_VenueShowMapLink":false,"_tribe_blocks_recurrence_rules":"","_tribe_blocks_recurrence_description":"","_tribe_blocks_recurrence_exclusions":"","footnotes":""},"class_list":["post-5787","page","type-page","status-publish","hentry"],"yoast_head":"<!-- This site is optimized with the Yoast SEO plugin v26.9 - https:\/\/yoast.com\/product\/yoast-seo-wordpress\/ -->\n<title>Animal House Facility | CRCM<\/title>\n<meta name=\"description\" content=\"Animal House Facility platform - Platform manager: Jean-Charles Graziano - Platform of the Marseille Cancer Research Center...\" \/>\n<meta name=\"robots\" content=\"index, follow, max-snippet:-1, max-image-preview:large, max-video-preview:-1\" \/>\n<link rel=\"canonical\" href=\"https:\/\/crcm-marseille.fr\/en\/our-technology-platforms\/animal-house-facility\/\" \/>\n<meta property=\"og:locale\" content=\"en_US\" \/>\n<meta property=\"og:type\" content=\"article\" \/>\n<meta property=\"og:title\" content=\"Animal House Facility | CRCM\" \/>\n<meta property=\"og:description\" content=\"Animal House Facility platform - Platform manager: Jean-Charles Graziano - Platform of the Marseille Cancer Research Center...\" \/>\n<meta property=\"og:url\" content=\"https:\/\/crcm-marseille.fr\/en\/our-technology-platforms\/animal-house-facility\/\" \/>\n<meta property=\"og:site_name\" content=\"CRCM\" \/>\n<meta property=\"article:modified_time\" content=\"2025-11-18T09:12:39+00:00\" \/>\n<meta property=\"og:image\" content=\"https:\/\/crcm-marseille.fr\/wp-content\/uploads\/2024\/10\/logo-centre-de-recherche-en-cancerologie-de-marseille-crcm.webp#847\" \/>\n<meta name=\"twitter:card\" content=\"summary_large_image\" \/>\n<meta name=\"twitter:label1\" content=\"Est. reading time\" \/>\n\t<meta name=\"twitter:data1\" content=\"5 minutes\" \/>\n<script type=\"application\/ld+json\" class=\"yoast-schema-graph\">{\"@context\":\"https:\/\/schema.org\",\"@graph\":[{\"@type\":\"WebPage\",\"@id\":\"https:\/\/crcm-marseille.fr\/en\/our-technology-platforms\/animal-house-facility\/\",\"url\":\"https:\/\/crcm-marseille.fr\/en\/our-technology-platforms\/animal-house-facility\/\",\"name\":\"Animal House Facility | CRCM\",\"isPartOf\":{\"@id\":\"https:\/\/crcm-marseille.fr\/en\/#website\"},\"primaryImageOfPage\":{\"@id\":\"https:\/\/crcm-marseille.fr\/en\/our-technology-platforms\/animal-house-facility\/#primaryimage\"},\"image\":{\"@id\":\"https:\/\/crcm-marseille.fr\/en\/our-technology-platforms\/animal-house-facility\/#primaryimage\"},\"thumbnailUrl\":\"https:\/\/crcm-marseille.fr\/wp-content\/uploads\/2024\/10\/logo-centre-de-recherche-en-cancerologie-de-marseille-crcm.webp#847\",\"datePublished\":\"2025-02-11T08:17:35+00:00\",\"dateModified\":\"2025-11-18T09:12:39+00:00\",\"description\":\"Animal House Facility platform - Platform manager: Jean-Charles Graziano - Platform of the Marseille Cancer Research Center...\",\"breadcrumb\":{\"@id\":\"https:\/\/crcm-marseille.fr\/en\/our-technology-platforms\/animal-house-facility\/#breadcrumb\"},\"inLanguage\":\"en-US\",\"potentialAction\":[{\"@type\":\"ReadAction\",\"target\":[\"https:\/\/crcm-marseille.fr\/en\/our-technology-platforms\/animal-house-facility\/\"]}]},{\"@type\":\"ImageObject\",\"inLanguage\":\"en-US\",\"@id\":\"https:\/\/crcm-marseille.fr\/en\/our-technology-platforms\/animal-house-facility\/#primaryimage\",\"url\":\"https:\/\/crcm-marseille.fr\/wp-content\/uploads\/2024\/10\/logo-centre-de-recherche-en-cancerologie-de-marseille-crcm.webp#847\",\"contentUrl\":\"https:\/\/crcm-marseille.fr\/wp-content\/uploads\/2024\/10\/logo-centre-de-recherche-en-cancerologie-de-marseille-crcm.webp#847\"},{\"@type\":\"BreadcrumbList\",\"@id\":\"https:\/\/crcm-marseille.fr\/en\/our-technology-platforms\/animal-house-facility\/#breadcrumb\",\"itemListElement\":[{\"@type\":\"ListItem\",\"position\":1,\"name\":\"Accueil\",\"item\":\"https:\/\/crcm-marseille.fr\/en\/\"},{\"@type\":\"ListItem\",\"position\":2,\"name\":\"Our technology platforms\",\"item\":\"https:\/\/crcm-marseille.fr\/en\/our-technology-platforms\/\"},{\"@type\":\"ListItem\",\"position\":3,\"name\":\"Animal House Facility\"}]},{\"@type\":\"WebSite\",\"@id\":\"https:\/\/crcm-marseille.fr\/en\/#website\",\"url\":\"https:\/\/crcm-marseille.fr\/en\/\",\"name\":\"CRCM\",\"description\":\"Marseille Cancer Research Center\",\"publisher\":{\"@id\":\"https:\/\/crcm-marseille.fr\/en\/#organization\"},\"alternateName\":\"Centre de recherche en canc\u00e9rologie de Marseille\",\"potentialAction\":[{\"@type\":\"SearchAction\",\"target\":{\"@type\":\"EntryPoint\",\"urlTemplate\":\"https:\/\/crcm-marseille.fr\/en\/?s={search_term_string}\"},\"query-input\":{\"@type\":\"PropertyValueSpecification\",\"valueRequired\":true,\"valueName\":\"search_term_string\"}}],\"inLanguage\":\"en-US\"},{\"@type\":\"Organization\",\"@id\":\"https:\/\/crcm-marseille.fr\/en\/#organization\",\"name\":\"CRCM\",\"alternateName\":\"Centre de Recherche en Canc\u00e9rologie de Marseille\",\"url\":\"https:\/\/crcm-marseille.fr\/en\/\",\"logo\":{\"@type\":\"ImageObject\",\"inLanguage\":\"en-US\",\"@id\":\"https:\/\/crcm-marseille.fr\/en\/#\/schema\/logo\/image\/\",\"url\":\"https:\/\/crcm-marseille.fr\/wp-content\/uploads\/2024\/10\/logo-crcm.png\",\"contentUrl\":\"https:\/\/crcm-marseille.fr\/wp-content\/uploads\/2024\/10\/logo-crcm.png\",\"width\":11811,\"height\":7171,\"caption\":\"CRCM\"},\"image\":{\"@id\":\"https:\/\/crcm-marseille.fr\/en\/#\/schema\/logo\/image\/\"},\"sameAs\":[\"https:\/\/www.youtube.com\/@CRCM-marseille\",\"https:\/\/www.linkedin.com\/company\/crcm-marseille\/\",\"https:\/\/bsky.app\/profile\/crcm.bsky.social\"]}]}<\/script>\n<!-- \/ Yoast SEO plugin. -->","yoast_head_json":{"title":"Animal House Facility | CRCM","description":"Animal House Facility platform - Platform manager: Jean-Charles Graziano - Platform of the Marseille Cancer Research Center...","robots":{"index":"index","follow":"follow","max-snippet":"max-snippet:-1","max-image-preview":"max-image-preview:large","max-video-preview":"max-video-preview:-1"},"canonical":"https:\/\/crcm-marseille.fr\/en\/our-technology-platforms\/animal-house-facility\/","og_locale":"en_US","og_type":"article","og_title":"Animal House Facility | CRCM","og_description":"Animal House Facility platform - Platform manager: Jean-Charles Graziano - Platform of the Marseille Cancer Research Center...","og_url":"https:\/\/crcm-marseille.fr\/en\/our-technology-platforms\/animal-house-facility\/","og_site_name":"CRCM","article_modified_time":"2025-11-18T09:12:39+00:00","og_image":[{"url":"https:\/\/crcm-marseille.fr\/wp-content\/uploads\/2024\/10\/logo-centre-de-recherche-en-cancerologie-de-marseille-crcm.webp#847","type":"","width":"","height":""}],"twitter_card":"summary_large_image","twitter_misc":{"Est. reading time":"5 minutes"},"schema":{"@context":"https:\/\/schema.org","@graph":[{"@type":"WebPage","@id":"https:\/\/crcm-marseille.fr\/en\/our-technology-platforms\/animal-house-facility\/","url":"https:\/\/crcm-marseille.fr\/en\/our-technology-platforms\/animal-house-facility\/","name":"Animal House Facility | CRCM","isPartOf":{"@id":"https:\/\/crcm-marseille.fr\/en\/#website"},"primaryImageOfPage":{"@id":"https:\/\/crcm-marseille.fr\/en\/our-technology-platforms\/animal-house-facility\/#primaryimage"},"image":{"@id":"https:\/\/crcm-marseille.fr\/en\/our-technology-platforms\/animal-house-facility\/#primaryimage"},"thumbnailUrl":"https:\/\/crcm-marseille.fr\/wp-content\/uploads\/2024\/10\/logo-centre-de-recherche-en-cancerologie-de-marseille-crcm.webp#847","datePublished":"2025-02-11T08:17:35+00:00","dateModified":"2025-11-18T09:12:39+00:00","description":"Animal House Facility platform - Platform manager: Jean-Charles Graziano - Platform of the Marseille Cancer Research Center...","breadcrumb":{"@id":"https:\/\/crcm-marseille.fr\/en\/our-technology-platforms\/animal-house-facility\/#breadcrumb"},"inLanguage":"en-US","potentialAction":[{"@type":"ReadAction","target":["https:\/\/crcm-marseille.fr\/en\/our-technology-platforms\/animal-house-facility\/"]}]},{"@type":"ImageObject","inLanguage":"en-US","@id":"https:\/\/crcm-marseille.fr\/en\/our-technology-platforms\/animal-house-facility\/#primaryimage","url":"https:\/\/crcm-marseille.fr\/wp-content\/uploads\/2024\/10\/logo-centre-de-recherche-en-cancerologie-de-marseille-crcm.webp#847","contentUrl":"https:\/\/crcm-marseille.fr\/wp-content\/uploads\/2024\/10\/logo-centre-de-recherche-en-cancerologie-de-marseille-crcm.webp#847"},{"@type":"BreadcrumbList","@id":"https:\/\/crcm-marseille.fr\/en\/our-technology-platforms\/animal-house-facility\/#breadcrumb","itemListElement":[{"@type":"ListItem","position":1,"name":"Accueil","item":"https:\/\/crcm-marseille.fr\/en\/"},{"@type":"ListItem","position":2,"name":"Our technology platforms","item":"https:\/\/crcm-marseille.fr\/en\/our-technology-platforms\/"},{"@type":"ListItem","position":3,"name":"Animal House Facility"}]},{"@type":"WebSite","@id":"https:\/\/crcm-marseille.fr\/en\/#website","url":"https:\/\/crcm-marseille.fr\/en\/","name":"CRCM","description":"Marseille Cancer Research Center","publisher":{"@id":"https:\/\/crcm-marseille.fr\/en\/#organization"},"alternateName":"Centre de recherche en canc\u00e9rologie de Marseille","potentialAction":[{"@type":"SearchAction","target":{"@type":"EntryPoint","urlTemplate":"https:\/\/crcm-marseille.fr\/en\/?s={search_term_string}"},"query-input":{"@type":"PropertyValueSpecification","valueRequired":true,"valueName":"search_term_string"}}],"inLanguage":"en-US"},{"@type":"Organization","@id":"https:\/\/crcm-marseille.fr\/en\/#organization","name":"CRCM","alternateName":"Centre de Recherche en Canc\u00e9rologie de Marseille","url":"https:\/\/crcm-marseille.fr\/en\/","logo":{"@type":"ImageObject","inLanguage":"en-US","@id":"https:\/\/crcm-marseille.fr\/en\/#\/schema\/logo\/image\/","url":"https:\/\/crcm-marseille.fr\/wp-content\/uploads\/2024\/10\/logo-crcm.png","contentUrl":"https:\/\/crcm-marseille.fr\/wp-content\/uploads\/2024\/10\/logo-crcm.png","width":11811,"height":7171,"caption":"CRCM"},"image":{"@id":"https:\/\/crcm-marseille.fr\/en\/#\/schema\/logo\/image\/"},"sameAs":["https:\/\/www.youtube.com\/@CRCM-marseille","https:\/\/www.linkedin.com\/company\/crcm-marseille\/","https:\/\/bsky.app\/profile\/crcm.bsky.social"]}]}},"_links":{"self":[{"href":"https:\/\/crcm-marseille.fr\/en\/wp-json\/wp\/v2\/pages\/5787","targetHints":{"allow":["GET"]}}],"collection":[{"href":"https:\/\/crcm-marseille.fr\/en\/wp-json\/wp\/v2\/pages"}],"about":[{"href":"https:\/\/crcm-marseille.fr\/en\/wp-json\/wp\/v2\/types\/page"}],"author":[{"embeddable":true,"href":"https:\/\/crcm-marseille.fr\/en\/wp-json\/wp\/v2\/users\/1"}],"replies":[{"embeddable":true,"href":"https:\/\/crcm-marseille.fr\/en\/wp-json\/wp\/v2\/comments?post=5787"}],"version-history":[{"count":1,"href":"https:\/\/crcm-marseille.fr\/en\/wp-json\/wp\/v2\/pages\/5787\/revisions"}],"predecessor-version":[{"id":9905,"href":"https:\/\/crcm-marseille.fr\/en\/wp-json\/wp\/v2\/pages\/5787\/revisions\/9905"}],"up":[{"embeddable":true,"href":"https:\/\/crcm-marseille.fr\/en\/wp-json\/wp\/v2\/pages\/5925"}],"wp:attachment":[{"href":"https:\/\/crcm-marseille.fr\/en\/wp-json\/wp\/v2\/media?parent=5787"}],"curies":[{"name":"wp","href":"https:\/\/api.w.org\/{rel}","templated":true}]}}